{"id":9365,"date":"2025-08-09T19:39:50","date_gmt":"2025-08-09T17:39:50","guid":{"rendered":"https:\/\/shopini.tn\/?post_type=product&#038;p=9365"},"modified":"2025-10-22T12:10:06","modified_gmt":"2025-10-22T10:10:06","slug":"cloud-x","status":"publish","type":"product","link":"https:\/\/shop-ini.com\/ar\/product\/cloud-x\/","title":{"rendered":"Cloud-X"},"content":{"rendered":"<h2>Puissance, performance et contr\u00f4le total avec la Formule CloudX<\/h2>\n<p>La formule <strong>CloudX<\/strong> est con\u00e7ue pour les entreprises pr\u00eates \u00e0 passer \u00e0 l\u2019\u00e9chelle sup\u00e9rieure. Profitez d\u2019un <strong>h\u00e9bergement cloud e-commerce<\/strong> ultra-rapide, d\u2019outils SEO avanc\u00e9s et d\u2019un domaine personnalis\u00e9 \u2014 optimis\u00e9s pour la performance, la stabilit\u00e9 et la croissance.<\/p>\n<h3>Ce que vous obtenez :<\/h3>\n<ul>\n<li>Domaine personnalis\u00e9 offert<\/li>\n<li>H\u00e9bergement cloud performant avec syst\u00e8me de cache optimis\u00e9<\/li>\n<li>Acc\u00e8s \u00e0 tous les mod\u00e8les premium<\/li>\n<li>Adresses email professionnelles pour votre \u00e9quipe<\/li>\n<li>Outils SEO avanc\u00e9s et configuration compl\u00e8te<\/li>\n<li>Contr\u00f4le total d\u2019administration et \u00e9volutivit\u00e9<\/li>\n<li>Certificat SSL gratuit pour des transactions s\u00e9curis\u00e9es<\/li>\n<\/ul>\n<h3>Rapide, stable et \u00e9volutif<\/h3>\n<p>Gr\u00e2ce \u00e0 notre infrastructure <strong>cloud e-commerce<\/strong>, votre site se charge plus vite, supporte plus de trafic et grandit sans limite.<\/p>\n<h3>Avanc\u00e9 mais simple \u00e0 utiliser<\/h3>\n<p>Pas de configuration complexe : on s\u2019occupe de tout, de l\u2019installation \u00e0 l\u2019optimisation, pour que vous puissiez vous concentrer sur votre croissance.<\/p>\n<h3>Id\u00e9al pour les marques en expansion<\/h3>\n<p>Lancez votre startup ou passez \u00e0 un plan sup\u00e9rieur avec CloudX, la solution puissante et flexible pour grandir sans contraintes.<\/p>\n<h3>Pr\u00eat \u00e0 aller plus loin ?<\/h3>\n<p>D\u00e9marrez d\u00e8s aujourd\u2019hui avec la formule CloudX de <a title=\"Shopini Tunisie\" href=\"https:\/\/shopini.tn\">Shopini<\/a>.<br \/>\nD\u00e9couvrez tous les d\u00e9tails et fonctionnalit\u00e9s sur <a title=\"Shopini Online\" href=\"https:\/\/shopini.online\" target=\"_blank\" rel=\"noopener\">shopini.io<\/a><\/p>","protected":false},"excerpt":{"rendered":"<p data-start=\"139\" data-end=\"194\"><strong data-start=\"139\" data-end=\"194\">Formule CloudX : Puissance &amp; automatisation avanc\u00e9e<\/strong><\/p>\n<ul data-start=\"196\" data-end=\"410\">\n<li data-start=\"196\" data-end=\"236\">\n<p data-start=\"198\" data-end=\"236\">H\u00e9bergement NVMe 200 Go ultra-rapide<\/p>\n<\/li>\n<li data-start=\"237\" data-end=\"280\">\n<p data-start=\"239\" data-end=\"280\">Nom de domaine personnalis\u00e9 + IP d\u00e9di\u00e9e<\/p>\n<\/li>\n<li data-start=\"281\" data-end=\"307\">\n<p data-start=\"283\" data-end=\"307\">\u0645\u0633\u062a\u062e\u062f\u0645\u0648\u0646 \u063a\u064a\u0631 \u0645\u062d\u062f\u0648\u062f\u064a\u0646<\/p>\n<\/li>\n<li data-start=\"308\" data-end=\"340\">\n<p data-start=\"310\" data-end=\"340\">Plus de 30 templates premium<\/p>\n<\/li>\n<li data-start=\"341\" data-end=\"378\">\n<p data-start=\"343\" data-end=\"378\">Fonctionnalit\u00e9s business avanc\u00e9es<\/p>\n<\/li>\n<li data-start=\"379\" data-end=\"410\">\n<p data-start=\"381\" data-end=\"410\">Automatisation IA renforc\u00e9e<\/p>\n<\/li>\n<\/ul>","protected":false},"featured_media":9362,"comment_status":"open","ping_status":"closed","template":"","meta":{"_joinchat":[]},"product_brand":[],"product_cat":[15],"product_tag":[],"class_list":{"0":"post-9365","1":"product","2":"type-product","3":"status-publish","4":"has-post-thumbnail","6":"product_cat-offres","8":"first","9":"instock","10":"sold-individually","11":"taxable","12":"shipping-taxable","13":"purchasable","14":"product-type-variable-subscription"},"aioseo_notices":[],"_links":{"self":[{"href":"https:\/\/shop-ini.com\/ar\/wp-json\/wp\/v2\/product\/9365","targetHints":{"allow":["GET"]}}],"collection":[{"href":"https:\/\/shop-ini.com\/ar\/wp-json\/wp\/v2\/product"}],"about":[{"href":"https:\/\/shop-ini.com\/ar\/wp-json\/wp\/v2\/types\/product"}],"replies":[{"embeddable":true,"href":"https:\/\/shop-ini.com\/ar\/wp-json\/wp\/v2\/comments?post=9365"}],"wp:featuredmedia":[{"embeddable":true,"href":"https:\/\/shop-ini.com\/ar\/wp-json\/wp\/v2\/media\/9362"}],"wp:attachment":[{"href":"https:\/\/shop-ini.com\/ar\/wp-json\/wp\/v2\/media?parent=9365"}],"wp:term":[{"taxonomy":"product_brand","embeddable":true,"href":"https:\/\/shop-ini.com\/ar\/wp-json\/wp\/v2\/product_brand?post=9365"},{"taxonomy":"product_cat","embeddable":true,"href":"https:\/\/shop-ini.com\/ar\/wp-json\/wp\/v2\/product_cat?post=9365"},{"taxonomy":"product_tag","embeddable":true,"href":"https:\/\/shop-ini.com\/ar\/wp-json\/wp\/v2\/product_tag?post=9365"}],"curies":[{"name":"wp","href":"https:\/\/api.w.org\/{rel}","templated":true}]}}