{"id":4568,"date":"2024-11-21T21:43:28","date_gmt":"2024-11-21T20:43:28","guid":{"rendered":"https:\/\/shopini.tn\/?post_type=product&#038;p=4568"},"modified":"2025-10-22T12:10:06","modified_gmt":"2025-10-22T10:10:06","slug":"shopini-premium","status":"publish","type":"product","link":"https:\/\/shop-ini.com\/ar\/product\/shopini-premium\/","title":{"rendered":"Digital-X"},"content":{"rendered":"<h2>Passez au niveau sup\u00e9rieur avec la Formule DigitalX<\/h2>\n<p><strong>Digital-X<\/strong> : Parfaite pour les entreprises en croissance, cette formule inclut tout ce que propose la formule Starter \u2014 avec en plus des outils puissants pour booster votre visibilit\u00e9 en ligne et votre performance sur le web et les r\u00e9seaux sociaux comme Facebook et Instagram.<\/p>\n<h3>Ce que vous obtenez<\/h3>\n<ul>\n<li>Nom de domaine personnalis\u00e9 (.com \/ .net inclus)<\/li>\n<li>H\u00e9bergement cloud ultra-rapide NVMe 50 Go<\/li>\n<li>5 adresses email professionnelles<\/li>\n<li>Outils SEO &amp; tableau de bord d\u2019analyse<\/li>\n<li>4 mod\u00e8les modernes pr\u00e9con\u00e7us<\/li>\n<li>Design optimis\u00e9 mobiles + SSL gratuit<\/li>\n<\/ul>\n<h3>Boostez votre pr\u00e9sence Digital<\/h3>\n<p>Avec votre propre domaine et des outils SEO int\u00e9gr\u00e9s, construisez une marque de confiance, am\u00e9liorez votre visibilit\u00e9 sur Internet et attirez plus de trafic naturel.<\/p>\n<h3>Id\u00e9al pour les entrepreneurs<\/h3>\n<p>Freelances, cr\u00e9ateurs ou commerces locaux : <strong>shopini<\/strong> vous aide \u00e0 grandir vite, \u00e0 afficher un look pro et \u00e0 mieux interagir avec votre audience dans l\u2019univers num\u00e9rique.<\/p>\n<h3>Digital: Flexible et \u00e9volutif<\/h3>\n<p>Vos besoins changent ? Passez \u00e0 tout moment aux formules SmartX ou CloudX pour encore plus de fonctionnalit\u00e9s avanc\u00e9es.<\/p>\n<h3>Pr\u00eat \u00e0 r\u00e9ussir sur le web ?<\/h3>\n<p>Dynamisez votre marque avec la formule <strong>DigitalX<\/strong> \u2014 le choix malin pour une croissance en ligne r\u00e9ussie.<\/p>","protected":false},"excerpt":{"rendered":"<ul>\n<li>\n<p data-start=\"166\" data-end=\"247\"><strong data-start=\"166\" data-end=\"247\">Formule DigitalX : Boostez votre pr\u00e9sence en ligne et sur les r\u00e9seaux sociaux<\/strong><\/p>\n<ul data-start=\"249\" data-end=\"581\">\n<li data-start=\"249\" data-end=\"301\">\n<p data-start=\"251\" data-end=\"301\">Nom de domaine premium (.com, .net, .tn\u2026) inclus<\/p>\n<\/li>\n<li data-start=\"302\" data-end=\"341\">\n<p data-start=\"304\" data-end=\"341\">H\u00e9bergement ultra-rapide 50 Go NVMe<\/p>\n<\/li>\n<li data-start=\"342\" data-end=\"370\">\n<p data-start=\"344\" data-end=\"370\">5 e-mails professionnels<\/p>\n<\/li>\n<li data-start=\"371\" data-end=\"442\">\n<p data-start=\"373\" data-end=\"442\">Liaison et animation automatique de vos pages Facebook et Instagram<\/p>\n<\/li>\n<li data-start=\"443\" data-end=\"486\">\n<p data-start=\"445\" data-end=\"486\">Outils SEO et tableau de bord d\u2019analyse<\/p>\n<\/li>\n<li data-start=\"487\" data-end=\"527\">\n<p data-start=\"489\" data-end=\"527\">Design mobile optimis\u00e9 + SSL gratuit<\/p>\n<\/li>\n<li data-start=\"528\" data-end=\"560\">\n<p data-start=\"530\" data-end=\"560\">4 mod\u00e8les modernes pr\u00e9con\u00e7us<\/p>\n<\/li>\n<li data-start=\"561\" data-end=\"581\">\n<p data-start=\"563\" data-end=\"581\">\u0627\u0644\u062a\u0632\u0627\u0645 \u0644\u0645\u062f\u0629 24 \u0634\u0647\u0631\u064b\u0627<\/p>\n<\/li>\n<\/ul>\n<\/li>\n<\/ul>","protected":false},"featured_media":9099,"comment_status":"open","ping_status":"closed","template":"","meta":{"_joinchat":[]},"product_brand":[],"product_cat":[15],"product_tag":[],"class_list":{"0":"post-4568","1":"product","2":"type-product","3":"status-publish","4":"has-post-thumbnail","6":"product_cat-offres","8":"first","9":"instock","10":"sale","11":"sold-individually","12":"taxable","13":"shipping-taxable","14":"purchasable","15":"product-type-variable-subscription"},"aioseo_notices":[],"_links":{"self":[{"href":"https:\/\/shop-ini.com\/ar\/wp-json\/wp\/v2\/product\/4568","targetHints":{"allow":["GET"]}}],"collection":[{"href":"https:\/\/shop-ini.com\/ar\/wp-json\/wp\/v2\/product"}],"about":[{"href":"https:\/\/shop-ini.com\/ar\/wp-json\/wp\/v2\/types\/product"}],"replies":[{"embeddable":true,"href":"https:\/\/shop-ini.com\/ar\/wp-json\/wp\/v2\/comments?post=4568"}],"wp:featuredmedia":[{"embeddable":true,"href":"https:\/\/shop-ini.com\/ar\/wp-json\/wp\/v2\/media\/9099"}],"wp:attachment":[{"href":"https:\/\/shop-ini.com\/ar\/wp-json\/wp\/v2\/media?parent=4568"}],"wp:term":[{"taxonomy":"product_brand","embeddable":true,"href":"https:\/\/shop-ini.com\/ar\/wp-json\/wp\/v2\/product_brand?post=4568"},{"taxonomy":"product_cat","embeddable":true,"href":"https:\/\/shop-ini.com\/ar\/wp-json\/wp\/v2\/product_cat?post=4568"},{"taxonomy":"product_tag","embeddable":true,"href":"https:\/\/shop-ini.com\/ar\/wp-json\/wp\/v2\/product_tag?post=4568"}],"curies":[{"name":"wp","href":"https:\/\/api.w.org\/{rel}","templated":true}]}}